{"id":2477,"date":"2014-12-04T06:01:13","date_gmt":"2014-12-04T06:01:13","guid":{"rendered":"http:\/\/iipccl.org\/?page_id=2477"},"modified":"2026-04-25T17:06:51","modified_gmt":"2026-04-25T17:06:51","slug":"editorial-board-2","status":"publish","type":"page","link":"https:\/\/iipccl.org\/?page_id=2477","title":{"rendered":"Editorial Board"},"content":{"rendered":"<p><em><strong>Editor-in-Chief<\/strong><\/em><\/p>\r\n<p><strong>Prof. Alessandro Morelli,<\/strong> (Universit\u00e0 degli Studi di Messina) Italy<\/p>\r\n<p><em><strong>Managing Editor<\/strong><\/em><\/p>\r\n<p><strong>Prof. Entela Cukani,<\/strong> (Universit\u00e0 del Salento) Italy<\/p>\r\n<p><br \/><em><strong>Editorial Advisory Board<\/strong><\/em><\/p>\r\n<p><strong>Prof. Dr. Francesco Scalera,<\/strong> Universit\u00e0 degli studi di Bari Aldo Moro (Italy)<br \/><strong>Prof. Oskar Ballon,<\/strong> University of Salzburg (Austria)<br \/><strong>Prof. Dr. Sla\u0111ana \u017divkovi\u0107,<\/strong>\u00a0University of Ni\u0161 (Serbia)<br \/><strong>Prof. Dr. Bektash Mema,<\/strong>\u00a0University of Gjirokastra (Albania)<br \/><strong>Prof. Dr. B\u00e4rbel Bosenius,<\/strong> Humboldt University Berlin (Germany)<br \/><strong>Prof. Dr. Hubert Klar,<\/strong> University of Freiburg (Germany)<br \/><strong>Prof. Dr. Fabrizio Baldassarre,<\/strong>\u00a0Universit\u00e0 degli studi di Bari Aldo Moro (Italy)<br \/><strong>Prof. Bashar H. Malkawi,\u00a0<\/strong>University of Sharjah (United Arab Emirates)<br \/><strong>Prof. Dr. Iraj Hashi,\u00a0<\/strong>Staffordshire University (UK)<\/p>\r\n<p><strong><em>Editors<\/em><\/strong><\/p>\r\n<p><strong>Prof. Dr. Alexander Franco,<\/strong>\u00a0Stamford International University (Thailand)<br \/><strong>Dr. Fiona Papajorgji,<\/strong>\u00a0Member of Albanian Constitutional Court (Albania)<br \/><strong>Prof. Nicholas Baigent,<\/strong>\u00a0University of Graz (Austria)<br \/><strong>Prof. Dr. Endri Papajorgji,<\/strong> Aleksander Moisiu University, Durres (Albania)<\/p>\r\n<p><em><strong>Language Editor<\/strong><\/em><\/p>\r\n<p><strong>Dr. Angelika Kogler,<\/strong>\u00a0University of Graz (Austria)<\/p>\r\n<p><em><strong>Technical Editor<\/strong><\/em><\/p>\r\n<p><strong>Dr. Dejan Vujtan,<\/strong>\u00a0University of Graz, (Austria)<\/p>\r\n<p>&nbsp;<\/p>\r\n<p>&nbsp;<\/p>\r\n<p><script type=\"text\/javascript\">\/\/ <![CDATA[\r\nend636_()\r\n\/\/ ]]><\/script><br \/><script type=\"text\/javascript\">\/\/ <![CDATA[\r\n end830_() \r\n\/\/ ]]><\/script><\/p>\r\n\r\n<p><script type=\"text\/javascript\"> end623_() <\/script><\/p><div class=\"pvc_clear\"><\/div><p id=\"pvc_stats_2477\" class=\"pvc_stats all  \" data-element-id=\"2477\" style=\"\"><i class=\"pvc-stats-icon medium\" aria-hidden=\"true\"><svg aria-hidden=\"true\" focusable=\"false\" data-prefix=\"far\" data-icon=\"chart-bar\" role=\"img\" xmlns=\"http:\/\/www.w3.org\/2000\/svg\" viewBox=\"0 0 512 512\" class=\"svg-inline--fa fa-chart-bar fa-w-16 fa-2x\"><path fill=\"currentColor\" d=\"M396.8 352h22.4c6.4 0 12.8-6.4 12.8-12.8V108.8c0-6.4-6.4-12.8-12.8-12.8h-22.4c-6.4 0-12.8 6.4-12.8 12.8v230.4c0 6.4 6.4 12.8 12.8 12.8zm-192 0h22.4c6.4 0 12.8-6.4 12.8-12.8V140.8c0-6.4-6.4-12.8-12.8-12.8h-22.4c-6.4 0-12.8 6.4-12.8 12.8v198.4c0 6.4 6.4 12.8 12.8 12.8zm96 0h22.4c6.4 0 12.8-6.4 12.8-12.8V204.8c0-6.4-6.4-12.8-12.8-12.8h-22.4c-6.4 0-12.8 6.4-12.8 12.8v134.4c0 6.4 6.4 12.8 12.8 12.8zM496 400H48V80c0-8.84-7.16-16-16-16H16C7.16 64 0 71.16 0 80v336c0 17.67 14.33 32 32 32h464c8.84 0 16-7.16 16-16v-16c0-8.84-7.16-16-16-16zm-387.2-48h22.4c6.4 0 12.8-6.4 12.8-12.8v-70.4c0-6.4-6.4-12.8-12.8-12.8h-22.4c-6.4 0-12.8 6.4-12.8 12.8v70.4c0 6.4 6.4 12.8 12.8 12.8z\" class=\"\"><\/path><\/svg><\/i> <img decoding=\"async\" loading=\"lazy\" width=\"16\" height=\"16\" alt=\"Loading\" src=\"https:\/\/iipccl.org\/wp-content\/plugins\/page-views-count\/ajax-loader-2x.gif\" border=0 \/><\/p><div class=\"pvc_clear\"><\/div><div id=\"themify_builder_content-2477\" data-postid=\"2477\" class=\"themify_builder_content themify_builder_content-2477 themify_builder\">\n    <\/div>\n<!-- \/themify_builder_content -->\n","protected":false},"excerpt":{"rendered":"<p>Editor-in-Chief Prof. Alessandro Morelli, (Universit\u00e0 degli Studi di Messina) Italy Managing Editor Prof. Entela Cukani, (Universit\u00e0 del Salento) Italy Editorial Advisory Board Prof. Dr. Francesco Scalera, Universit\u00e0 degli studi di Bari Aldo Moro (Italy)Prof. Oskar Ballon, University of Salzburg (Austria)Prof. Dr. Sla\u0111ana \u017divkovi\u0107,\u00a0University of Ni\u0161 (Serbia)Prof. Dr. Bektash Mema,\u00a0University of Gjirokastra (Albania)Prof. Dr. B\u00e4rbel Bosenius, [&hellip;]<\/p>\n<div class=\"pvc_clear\"><\/div>\n<p id=\"pvc_stats_2477\" class=\"pvc_stats all  \" data-element-id=\"2477\" style=\"\"><i class=\"pvc-stats-icon medium\" aria-hidden=\"true\"><svg aria-hidden=\"true\" focusable=\"false\" data-prefix=\"far\" data-icon=\"chart-bar\" role=\"img\" xmlns=\"http:\/\/www.w3.org\/2000\/svg\" viewBox=\"0 0 512 512\" class=\"svg-inline--fa fa-chart-bar fa-w-16 fa-2x\"><path fill=\"currentColor\" d=\"M396.8 352h22.4c6.4 0 12.8-6.4 12.8-12.8V108.8c0-6.4-6.4-12.8-12.8-12.8h-22.4c-6.4 0-12.8 6.4-12.8 12.8v230.4c0 6.4 6.4 12.8 12.8 12.8zm-192 0h22.4c6.4 0 12.8-6.4 12.8-12.8V140.8c0-6.4-6.4-12.8-12.8-12.8h-22.4c-6.4 0-12.8 6.4-12.8 12.8v198.4c0 6.4 6.4 12.8 12.8 12.8zm96 0h22.4c6.4 0 12.8-6.4 12.8-12.8V204.8c0-6.4-6.4-12.8-12.8-12.8h-22.4c-6.4 0-12.8 6.4-12.8 12.8v134.4c0 6.4 6.4 12.8 12.8 12.8zM496 400H48V80c0-8.84-7.16-16-16-16H16C7.16 64 0 71.16 0 80v336c0 17.67 14.33 32 32 32h464c8.84 0 16-7.16 16-16v-16c0-8.84-7.16-16-16-16zm-387.2-48h22.4c6.4 0 12.8-6.4 12.8-12.8v-70.4c0-6.4-6.4-12.8-12.8-12.8h-22.4c-6.4 0-12.8 6.4-12.8 12.8v70.4c0 6.4 6.4 12.8 12.8 12.8z\" class=\"\"><\/path><\/svg><\/i> <img decoding=\"async\" loading=\"lazy\" width=\"16\" height=\"16\" alt=\"Loading\" src=\"https:\/\/iipccl.org\/wp-content\/plugins\/page-views-count\/ajax-loader-2x.gif\" border=0 \/><\/p>\n<div class=\"pvc_clear\"><\/div>\n","protected":false},"author":2,"featured_media":0,"parent":0,"menu_order":0,"comment_status":"closed","ping_status":"closed","template":"","meta":[],"_links":{"self":[{"href":"https:\/\/iipccl.org\/index.php?rest_route=\/wp\/v2\/pages\/2477"}],"collection":[{"href":"https:\/\/iipccl.org\/index.php?rest_route=\/wp\/v2\/pages"}],"about":[{"href":"https:\/\/iipccl.org\/index.php?rest_route=\/wp\/v2\/types\/page"}],"author":[{"embeddable":true,"href":"https:\/\/iipccl.org\/index.php?rest_route=\/wp\/v2\/users\/2"}],"replies":[{"embeddable":true,"href":"https:\/\/iipccl.org\/index.php?rest_route=%2Fwp%2Fv2%2Fcomments&post=2477"}],"version-history":[{"count":60,"href":"https:\/\/iipccl.org\/index.php?rest_route=\/wp\/v2\/pages\/2477\/revisions"}],"predecessor-version":[{"id":14141,"href":"https:\/\/iipccl.org\/index.php?rest_route=\/wp\/v2\/pages\/2477\/revisions\/14141"}],"wp:attachment":[{"href":"https:\/\/iipccl.org\/index.php?rest_route=%2Fwp%2Fv2%2Fmedia&parent=2477"}],"curies":[{"name":"wp","href":"https:\/\/api.w.org\/{rel}","templated":true}]}}