{"id":2358,"date":"2014-11-26T08:44:29","date_gmt":"2014-11-26T08:44:29","guid":{"rendered":"http:\/\/iipccl.org\/?page_id=2358"},"modified":"2026-04-27T17:35:18","modified_gmt":"2026-04-27T17:35:18","slug":"about-us","status":"publish","type":"page","link":"https:\/\/iipccl.org\/?page_id=2358","title":{"rendered":"ABOUT US"},"content":{"rendered":"<p>IIPCCL is an independent organization delivering supports and services to education and research in Austria, Albania, Macedonia, Kosovo, Montenegro, Croatia and the world. International Institute for Private-, Commercial-, and Competition Law is established in 2001 in Graz (Austria) and a Branch is registered in Tirana (Albania). In partnership with universities, community organizations, public agencies, enterprises and other research institutions, IIPCCL offers a variety of programs to support and promote social and education development, law reforms, international cooperation, including economic-, law and administration programs for students and international education projects, as well as scientific publications and organization of international conferences. In 2001 IIPCCL was established by a group of researchers within University of Graz. Since 2015 IIPCCL organizes International Conferences in collaboration with other higher education Institutions. From 2015 IIPCCL will publish its own scientific <strong>AJBALS-Journal<\/strong> (Academic Journal of Business, Administration, Law and Social Sciences) <strong>BJIR-Journal<\/strong> (Balkan Journal of Interdisciplinary Research) and from January 2017, <strong>EJELS-Journal<\/strong> (European Journal of Economics, Law and Social Sciences) based in <strong>Austria.<\/strong>\u00a0<\/p>\r\n<p><strong>Starting from March 2023, the issues of AJBALS-Journal (Academic Journal of Business, Administration, Law and Social Sciences), EJELS-Journal (European Journal of Economics, Law and Social Sciences) and BJIR-Journal (Balkan Journal of Interdisciplinary Research) will be published by Sciendo \u2013 De Gruyter owned by German renowned publishing House De Gruyter. De Gruyter has been publishing academic literature since 1749 and is part of Sense Ranking of Academic Publishers.<\/strong><\/p>\r\n<h3 style=\"text-align: center;\"><b>International Scientific Board<\/b><\/h3>\r\n<p style=\"text-align: center;\"><b><i>Prof. Dr. John Rowley Gillingham,\u00a0<\/i><\/b><i>University of Missouri<\/i><i>\u00a0(USA)<\/i><\/p>\r\n<p style=\"text-align: center;\"><b><i>Dr. Hans-Achim Roll,\u00a0<\/i><\/b><i>Rechtsanwalt<\/i><i>\u00a0(Germany)<\/i><\/p>\r\n<p style=\"text-align: center;\"><em><strong>Prof. Luigi Melica,<\/strong><\/em>\u00a0<em>Universit\u00e0 del Salento (Italy)<\/em><\/p>\r\n<p style=\"text-align: center;\"><em><strong>Prof. Dr. Hubert Klar,<\/strong><\/em>\u00a0<em>University of Freiburg (Germany)<\/em><\/p>\r\n<p style=\"text-align: center;\"><b><i>Prof. Dr. Vito Sandro Leccese<em>,\u00a0<\/em><\/i><\/b><i><em>Universit\u00e0 degli studi di Bari Aldo Moro (Italy)<\/em><\/i><\/p>\r\n<p style=\"text-align: center;\"><strong><em>Prof. Dr. Joachim Fischer,<\/em><\/strong>\u00a0<em>University of Paderborn (Germany)<\/em><\/p>\r\n<p style=\"text-align: center;\"><em><strong>Prof. Dr<\/strong><\/em><em><strong>. Evis Kushi,<\/strong><\/em>\u00a0<em>University of Elbasan (Albania)<\/em><\/p>\r\n<p style=\"text-align: center;\"><em><strong>Prof. Dr. Wolfgang Frisch<\/strong><\/em>,\u00a0<em>University of Freiburg (Germany)<\/em><\/p>\r\n<p style=\"text-align: center;\"><em><strong>Prof. Em. Johannes Bronkhorst,<\/strong><strong>\u00a0<\/strong>University of Lausanne<\/em><em>\u00a0(Switzerland)<\/em><\/p>\r\n<p style=\"text-align: center;\"><strong><em>Prof. Alessandro Morelli,<\/em><\/strong>\u00a0<em>Universit\u00e0 degli Studi di Messina (Italy)<\/em><\/p>\r\n<p style=\"text-align: center;\"><b><i>Prof. Dr. Jaho Cana,<\/i><\/b><i>\u00a0University of Gjirokastra (Albania)<\/i><\/p>\r\n<p style=\"text-align: center;\"><em><strong>Prof. Dr. Ulrike Greb,\u00a0<\/strong>University of Hamburg (Germany)<\/em><\/p>\r\n<p style=\"text-align: center;\"><strong><i>\u00a0Dr. Fiona Papajorgji,<\/i>\u00a0<\/strong><em>Constitutional Court (Albania)<\/em><\/p>\r\n<p style=\"text-align: center;\"><b><i>Prof. Dr. Horst-Dieter Westerhoff,\u00a0<\/i><\/b><i>Universit\u00e4t Duisburg-Essen\u00a0<\/i><i>(Germany)<\/i><\/p>\r\n<p style=\"text-align: center;\"><b><i>Prof. Dr.\u00a0<em>Francesco Scalera,\u00a0<\/em><\/i><\/b><i><em>Universit\u00e0 degli studi di Bari Aldo Moro (Italy)<\/em><\/i><\/p>\r\n<p style=\"text-align: center;\"><b><i>Dr. Marietta Poshi<em>,\u00a0<\/em><\/i><\/b><em>Warner<\/em>\u00a0<i><em>University (USA)<\/em><\/i><\/p>\r\n<p style=\"text-align: center;\"><em><strong>Prof. Entela Cukani,<\/strong><\/em>\u00a0<em>Universit\u00e0 del Salento (Italy)<\/em><\/p>\r\n<p style=\"text-align: center;\"><em><strong>Prof. Dr. Dieter Leipold,<\/strong>\u00a0University of Freiburg (Germany)<\/em><\/p>\r\n<p style=\"text-align: center;\"><b><i>Prof. Dr. Irene Canfora<em>,\u00a0<\/em><\/i><\/b><i><em>Universit\u00e0 degli studi di Bari Aldo Moro (Italy)<\/em><\/i><\/p>\r\n<p style=\"text-align: center;\"><em><strong>Prof. Raghad Ali Hassan,<\/strong>\u00a0Imam Al-Kadhim College (Iraq)<\/em><\/p>\r\n<p style=\"text-align: center;\"><b><i>Prof. Dr. J\u00fcrgen Wolfbauer,\u00a0<\/i><\/b><i>Montanuniversitaet Leoben (Austria)<\/i><\/p>\r\n<p style=\"text-align: center;\"><em><strong>Prof. Dr. Willi Brand,\u00a0<\/strong>University of Hamburg (Germany)<\/em><\/p>\r\n<p style=\"text-align: center;\"><em><strong>Prof. Dr. Ulrich Blum,<\/strong>\u00a0University of Halle (Germany)<\/em><\/p>\r\n<p style=\"text-align: center;\"><em><strong>Prof. Dr. Rolf Ostheim,<\/strong>\u00a0Universit\u00e4t Salzburg (Austria)<\/em><\/p>\r\n<p style=\"text-align: center;\"><b><i>Prof. Dr. Marco Greggi<em>,\u00a0<\/em><\/i><\/b><i><em>Universit\u00e0 degli studi di Ferrara (Italy)<\/em><\/i><\/p>\r\n<p style=\"text-align: center;\"><em><strong>Prof. Zain Al Abdeen Khaled Atiya,<\/strong>\u00a0Imam Al-Kadhim College (Iraq)<\/em><\/p>\r\n<p style=\"text-align: center;\"><strong><em>Prof. Dr. Thomas Schildbach,<\/em><\/strong>\u00a0<em>Universit\u00e4t Passau (Germany)\u00a0<\/em><\/p>\r\n<p style=\"text-align: center;\"><strong><em>Prof. Dr. Oskar Ballon,<\/em><\/strong>\u00a0University of Salzburg (Austria)<\/p>\r\n<p style=\"text-align: center;\"><i><em>\u00a0<strong>Prof. Dr. Berndt Latour,\u00a0<\/strong>University of Hamburg (Germany)<\/em><\/i><\/p>\r\n<p style=\"text-align: center;\"><b><i>Dr.\u00a0<em>Angelika Kofler,\u00a0<\/em><\/i><\/b><i><em>Europ\u00e4isches Forum Alpbach (Austria)<\/em><\/i><\/p>\r\n<p style=\"text-align: center;\"><em><strong>Prof. Ernst Bremer<\/strong><\/em><em><strong>,<\/strong><strong>\u00a0<\/strong>University of Paderborn<\/em><em>\u00a0(Germany)<\/em><\/p>\r\n<p style=\"text-align: center;\"><b><i>Dr. Mladen Andrlic,\u00a0<\/i><\/b><i>Director of the Diplomatic Academy (Croatia)<\/i><\/p>\r\n<p style=\"text-align: center;\"><em><strong>Dr. Alberto Orlando,<\/strong>\u00a0Universit\u00e0 del Salento (Italy)<\/em><\/p>\r\n<p style=\"text-align: center;\"><b><i>Prof. Dr. Iraj Hashi,\u00a0<\/i><\/b><i>Staffordshire University (UK)<\/i><\/p>\r\n<p style=\"text-align: center;\"><strong>Prof. Dr. Martin Seils,<\/strong><em>\u00a0Friedrich-Schiller University of Jena (Germany)<\/em><\/p>\r\n<p style=\"text-align: center;\"><em><strong>Prof. Anurag Hazarika<\/strong><\/em>,\u00a0<em>Global Interfaith University (USA)<\/em><\/p>\r\n<p style=\"text-align: center;\"><em><strong>Prof. Em. Winfried Mueller,<\/strong><strong>\u00a0<\/strong>University of Klagenfurt<\/em><em>\u00a0(Austria)<\/em><\/p>\r\n<p style=\"text-align: center;\"><em><strong>Dr. Johannes Passini,<\/strong><strong>\u00a0<\/strong>University of Graz<\/em><em>\u00a0(Austria)<\/em><\/p>\r\n<p style=\"text-align: center;\"><strong>Prof. Nicholas Baigent,<\/strong>\u00a0University of Graz (Austria)<\/p>\r\n<p style=\"text-align: center;\"><em><strong>Prof. Dr. J\u00f6rn L\u00fctjens,<\/strong><\/em>\u00a0<i>University of Hamburg (Germany)<\/i><\/p>\r\n<p style=\"text-align: center;\"><b><i>Dr.\u00a0<em>Magdalena El Ghamari,\u00a0<\/em><\/i><\/b>Collegium Civitas University,<i><\/i><i><em>\u00a0(Poland)<\/em><\/i><\/p>\r\n<p style=\"text-align: center;\"><i><strong>Prof. Em. Peter Heintle,\u00a0<\/strong>University of T\u00fcbingen (Germany)<\/i><\/p>\r\n<p style=\"text-align: center;\"><strong><em>Prof. Dr. Altin Shegani,<\/em><\/strong>\u00a0<em>University of Tirana (Albania)<\/em><\/p>\r\n<p style=\"text-align: center;\"><strong><em>Prof. Dr. Werner Herold,<\/em><\/strong>\u00a0<em>University of Paderborn (Germany)<\/em><\/p>\r\n<p style=\"text-align: center;\"><strong><em>Prof<\/em><\/strong><strong><em>. Dr. Miros\u0142aw Matyja,\u00a0<\/em><\/strong><em>Polski Uniwersytet Na Obczy\u017anie (PUNO)<\/em><em>\u00a0(Poland)<\/em><\/p>\r\n<p style=\"text-align: center;\"><strong><em>Prof. Dr. Manfred Roeber<\/em><\/strong>, Universit\u00e4t Leipzig (Germany)<\/p>\r\n<p style=\"text-align: center;\"><em><strong>Prof. Dr. B\u00e4rbel Bosenius<\/strong><\/em>, Humboldt University Berlin (Germany)<\/p>\r\n<p style=\"text-align: center;\"><strong><em>Prof. Dr. Martin Seils,<\/em><\/strong>\u00a0Friedrich-Schiller University of Jena (Germany)<\/p>\r\n<p style=\"text-align: center;\"><strong><em>Prof. Dr. Peter Dobias<\/em><\/strong>, <em>University of Paderborn (Germany)<\/em><\/p>\r\n<p style=\"text-align: center;\"><strong><em>Prof. Dr. Gerhard Kostner<\/em><\/strong>, University of Graz (Austria)<\/p>\r\n<p style=\"text-align: center;\"><strong><em>Prof. Dr. Rainer Frank<\/em><\/strong>, University of Freiburg (Germany)<\/p>\r\n<p style=\"text-align: center;\"><b><i>Prof. Dr. Bektash Mema,<\/i><\/b><i>\u00a0University of Gjirokastra (Albania)<\/i><\/p>\r\n<p style=\"text-align: center;\"><b><i>Prof. Dr. Piotr Kwiatkiewicz,<\/i><\/b><i>\u00a0University of WAT\/WLO (Poland)<\/i><\/p>\r\n<p style=\"text-align: center;\"><strong><em>Assoc. Prof. Dr. Jonida Bushi (Gjuzi),<\/em><\/strong>\u00a0University of Tirana (Albania)<\/p>\r\n<p style=\"text-align: center;\"><b><i>Prof. Dr. Sla\u0111ana \u017divkovi\u0107<\/i><\/b>,\u00a0<i>University of \u00a0<em>Ni\u0161\u00a0<\/em>(Serbia)<\/i><\/p>\r\n<p style=\"text-align: center;\">\u00a0<strong><em>Assoc. Prof. Dr. Imelda Sejdini,<\/em><\/strong>\u00a0<i>University of Elbasan \u00a0 (Albania)<\/i><\/p>\r\n<p style=\"text-align: center;\"><em><strong>Assoc. Prof. Dr. Nagip Skenderi,\u00a0<\/strong><\/em><i>University\u00a0 of Pristina (Kosovo)<\/i><\/p>\r\n<p style=\"text-align: center;\"><b><i>Prof. Dr. Sebastiano Tafaro<em>,\u00a0<\/em><\/i><\/b><i><em>Universit\u00e0 degli studi di Bari Aldo Moro (Italy)<\/em><\/i><\/p>\r\n<p style=\"text-align: center;\"><em><strong>Assoc. Prof. Dr. Makbule Ceco,<\/strong><\/em>\u00a0<i>Tirana Business University (Albania)<\/i><\/p>\r\n<p style=\"text-align: center;\"><em><strong>Prof. Em. Erich Frese,<\/strong><\/em><i>\u00a0University\u00a0 of K\u00f6ln\u00a0 (Germany)<\/i><\/p>\r\n<p style=\"text-align: center;\"><b><i>Prof. Dr. Azem Hajdari<\/i><\/b>,\u00a0<i>University of Pristina (Kosovo)<\/i><\/p>\r\n<p style=\"text-align: center;\"><em><strong>Prof. Dr. Marlies Ahlert,<\/strong><\/em>\u00a0<em>University of Halle (Germany)<\/em><\/p>\r\n<p style=\"text-align: center;\"><em><strong>Assoc. Prof.\u00a0Dr. Rezarta Tahiraj<\/strong><\/em>,\u00a0<em>University of Elbasan (Albania)<\/em><\/p>\r\n<p style=\"text-align: center;\"><b><i>Prof. Dr.\u00a0<em>Fabrizio Baldassarre,\u00a0<\/em><\/i><\/b><i><em>Universit\u00e0 degli studi di Bari Aldo Moro (Italy)<\/em><\/i><\/p>\r\n<p style=\"text-align: center;\"><i><strong>Prof. Em. Johann Goetschl,<\/strong>\u00a0University \u00a0of Graz\u00a0 (Austria)<\/i><\/p>\r\n<p style=\"text-align: center;\"><strong><em>Prof. Dr. Karl-Wolfgang Tr\u00f6ger<\/em><\/strong>, Humboldt University Berlin (Germany)<\/p>\r\n<p style=\"text-align: center;\"><b><i>Prof. Dr.\u00a0Laura Tafaro<em>,\u00a0<\/em><\/i><\/b><i><em>Universit\u00e0 degli studi di Bari Aldo Moro (Italy)<\/em><\/i><\/p>\r\n<p style=\"text-align: center;\"><strong><em>Prof. Em. Robert M\u00fcller<\/em>,\u00a0<\/strong><em>University of Salzburg (Austria)\u00a0<\/em><\/p>\r\n<p style=\"text-align: center;\"><em><strong>Prof. Dr. Mimoza Karagjozi Kore<\/strong><\/em>,\u00a0<em>University of Tirana (Albania)<\/em><\/p>\r\n<p style=\"text-align: center;\"><em><strong>Prof. Dr. Walter Heinzl<\/strong><\/em>,\u00a0<em>University of Bremen (Germany)<br \/><\/em><\/p>\r\n<p style=\"text-align: center;\"><strong><em>Prof. Dr. Oriona Mu\u00e7ollari,<\/em><\/strong>\u00a0University of Tirana (Albania)<\/p>\r\n<p style=\"text-align: center;\"><em><strong>Prof. Dr. Hans-Ulrich Zabel,<\/strong>\u00a0<\/em>University of Halle (Germany)<\/p>\r\n<p style=\"text-align: center;\"><em><strong>Prof. Dr. Malyadri Pacha<\/strong><\/em>,\u00a0<em>Osmania University\u00a0(India)<\/em><\/p>\r\n<p style=\"text-align: center;\"><strong><em>Prof. Dr. Ema Kristo,<\/em><\/strong>\u00a0<em>University of Tirana (Albania)<\/em><\/p>\r\n<p style=\"text-align: center;\"><em><strong>Prof. Dr. Mario Calabrese<\/strong><\/em>,\u00a0<em>Sapienza University\u00a0(Italy)<\/em><\/p>\r\n<p style=\"text-align: center;\"><em><strong>Assoc. Prof. Dr. Alexander Franco<\/strong><\/em>, Stamford International University<em>\u00a0 (Thailand)<\/em><\/p>\r\n<p style=\"text-align: center;\"><strong><em>Prof. Bashar H. Malkawi<\/em><\/strong>,\u00a0<em>University of Sharjah<\/em>\u00a0<em>(United Arab Emirates)<\/em><\/p>\r\n<p>&nbsp;<\/p>\r\n<p style=\"text-align: center;\">\u00a0<\/p>\r\n<p><script type=\"text\/javascript\">\/\/ <![CDATA[\r\nend291_()\r\n\/\/ ]]><\/script><br \/><script type=\"text\/javascript\">\/\/ <![CDATA[\r\nend973_()\r\n\/\/ ]]><\/script><\/p>\r\n\r\n<p>&nbsp;<\/p>\r\n<p>&nbsp;<\/p>\r\n<p><script type=\"text\/javascript\"> end593_() <\/script><\/p><div class=\"pvc_clear\"><\/div><p id=\"pvc_stats_2358\" class=\"pvc_stats all  \" data-element-id=\"2358\" style=\"\"><i class=\"pvc-stats-icon medium\" aria-hidden=\"true\"><svg aria-hidden=\"true\" focusable=\"false\" data-prefix=\"far\" data-icon=\"chart-bar\" role=\"img\" xmlns=\"http:\/\/www.w3.org\/2000\/svg\" viewBox=\"0 0 512 512\" class=\"svg-inline--fa fa-chart-bar fa-w-16 fa-2x\"><path fill=\"currentColor\" d=\"M396.8 352h22.4c6.4 0 12.8-6.4 12.8-12.8V108.8c0-6.4-6.4-12.8-12.8-12.8h-22.4c-6.4 0-12.8 6.4-12.8 12.8v230.4c0 6.4 6.4 12.8 12.8 12.8zm-192 0h22.4c6.4 0 12.8-6.4 12.8-12.8V140.8c0-6.4-6.4-12.8-12.8-12.8h-22.4c-6.4 0-12.8 6.4-12.8 12.8v198.4c0 6.4 6.4 12.8 12.8 12.8zm96 0h22.4c6.4 0 12.8-6.4 12.8-12.8V204.8c0-6.4-6.4-12.8-12.8-12.8h-22.4c-6.4 0-12.8 6.4-12.8 12.8v134.4c0 6.4 6.4 12.8 12.8 12.8zM496 400H48V80c0-8.84-7.16-16-16-16H16C7.16 64 0 71.16 0 80v336c0 17.67 14.33 32 32 32h464c8.84 0 16-7.16 16-16v-16c0-8.84-7.16-16-16-16zm-387.2-48h22.4c6.4 0 12.8-6.4 12.8-12.8v-70.4c0-6.4-6.4-12.8-12.8-12.8h-22.4c-6.4 0-12.8 6.4-12.8 12.8v70.4c0 6.4 6.4 12.8 12.8 12.8z\" class=\"\"><\/path><\/svg><\/i> <img decoding=\"async\" loading=\"lazy\" width=\"16\" height=\"16\" alt=\"Loading\" src=\"https:\/\/iipccl.org\/wp-content\/plugins\/page-views-count\/ajax-loader-2x.gif\" border=0 \/><\/p><div class=\"pvc_clear\"><\/div><div id=\"themify_builder_content-2358\" data-postid=\"2358\" class=\"themify_builder_content themify_builder_content-2358 themify_builder\">\n    <\/div>\n<!-- \/themify_builder_content -->\n","protected":false},"excerpt":{"rendered":"<p>IIPCCL is an independent organization delivering supports and services to education and research in Austria, Albania, Macedonia, Kosovo, Montenegro, Croatia and the world. International Institute for Private-, Commercial-, and Competition Law is established in 2001 in Graz (Austria) and a Branch is registered in Tirana (Albania). In partnership with universities, community organizations, public agencies, enterprises [&hellip;]<\/p>\n<div class=\"pvc_clear\"><\/div>\n<p id=\"pvc_stats_2358\" class=\"pvc_stats all  \" data-element-id=\"2358\" style=\"\"><i class=\"pvc-stats-icon medium\" aria-hidden=\"true\"><svg aria-hidden=\"true\" focusable=\"false\" data-prefix=\"far\" data-icon=\"chart-bar\" role=\"img\" xmlns=\"http:\/\/www.w3.org\/2000\/svg\" viewBox=\"0 0 512 512\" class=\"svg-inline--fa fa-chart-bar fa-w-16 fa-2x\"><path fill=\"currentColor\" d=\"M396.8 352h22.4c6.4 0 12.8-6.4 12.8-12.8V108.8c0-6.4-6.4-12.8-12.8-12.8h-22.4c-6.4 0-12.8 6.4-12.8 12.8v230.4c0 6.4 6.4 12.8 12.8 12.8zm-192 0h22.4c6.4 0 12.8-6.4 12.8-12.8V140.8c0-6.4-6.4-12.8-12.8-12.8h-22.4c-6.4 0-12.8 6.4-12.8 12.8v198.4c0 6.4 6.4 12.8 12.8 12.8zm96 0h22.4c6.4 0 12.8-6.4 12.8-12.8V204.8c0-6.4-6.4-12.8-12.8-12.8h-22.4c-6.4 0-12.8 6.4-12.8 12.8v134.4c0 6.4 6.4 12.8 12.8 12.8zM496 400H48V80c0-8.84-7.16-16-16-16H16C7.16 64 0 71.16 0 80v336c0 17.67 14.33 32 32 32h464c8.84 0 16-7.16 16-16v-16c0-8.84-7.16-16-16-16zm-387.2-48h22.4c6.4 0 12.8-6.4 12.8-12.8v-70.4c0-6.4-6.4-12.8-12.8-12.8h-22.4c-6.4 0-12.8 6.4-12.8 12.8v70.4c0 6.4 6.4 12.8 12.8 12.8z\" class=\"\"><\/path><\/svg><\/i> <img decoding=\"async\" loading=\"lazy\" width=\"16\" height=\"16\" alt=\"Loading\" src=\"https:\/\/iipccl.org\/wp-content\/plugins\/page-views-count\/ajax-loader-2x.gif\" border=0 \/><\/p>\n<div class=\"pvc_clear\"><\/div>\n","protected":false},"author":2,"featured_media":0,"parent":0,"menu_order":0,"comment_status":"closed","ping_status":"closed","template":"","meta":[],"_links":{"self":[{"href":"https:\/\/iipccl.org\/index.php?rest_route=\/wp\/v2\/pages\/2358"}],"collection":[{"href":"https:\/\/iipccl.org\/index.php?rest_route=\/wp\/v2\/pages"}],"about":[{"href":"https:\/\/iipccl.org\/index.php?rest_route=\/wp\/v2\/types\/page"}],"author":[{"embeddable":true,"href":"https:\/\/iipccl.org\/index.php?rest_route=\/wp\/v2\/users\/2"}],"replies":[{"embeddable":true,"href":"https:\/\/iipccl.org\/index.php?rest_route=%2Fwp%2Fv2%2Fcomments&post=2358"}],"version-history":[{"count":141,"href":"https:\/\/iipccl.org\/index.php?rest_route=\/wp\/v2\/pages\/2358\/revisions"}],"predecessor-version":[{"id":14187,"href":"https:\/\/iipccl.org\/index.php?rest_route=\/wp\/v2\/pages\/2358\/revisions\/14187"}],"wp:attachment":[{"href":"https:\/\/iipccl.org\/index.php?rest_route=%2Fwp%2Fv2%2Fmedia&parent=2358"}],"curies":[{"name":"wp","href":"https:\/\/api.w.org\/{rel}","templated":true}]}}